{"id":251,"date":"2023-02-05T18:19:30","date_gmt":"2023-02-05T17:19:30","guid":{"rendered":"https:\/\/salonfrida.pl\/?page_id=251"},"modified":"2023-02-07T11:04:52","modified_gmt":"2023-02-07T10:04:52","slug":"voucher-podarunkowy","status":"publish","type":"page","link":"https:\/\/salonfrida.pl\/index.php\/voucher-podarunkowy\/","title":{"rendered":"Voucher Podarunkowy"},"content":{"rendered":"<p>[et_pb_section fb_built=&#8221;1&#8243; custom_padding_last_edited=&#8221;on|phone&#8221; _builder_version=&#8221;4.19.4&#8243; _module_preset=&#8221;default&#8221; background_image=&#8221;https:\/\/salonfrida.pl\/wp-content\/uploads\/2023\/01\/hair-salon-2-ry-19.jpg&#8221; parallax=&#8221;on&#8221; custom_margin=&#8221;0px||0px||false|false&#8221; custom_padding=&#8221;99px||99px||true|false&#8221; custom_padding_tablet=&#8221;180px||180px||false|false&#8221; custom_padding_phone=&#8221;90px||90px||false|false&#8221; animation_style=&#8221;fade&#8221; animation_duration=&#8221;400ms&#8221; global_module=&#8221;89&#8243; saved_tabs=&#8221;all&#8221; global_colors_info=&#8221;{}&#8221;][et_pb_row _builder_version=&#8221;4.17.4&#8243; _module_preset=&#8221;default&#8221; width=&#8221;90%&#8221; max_width=&#8221;1210px&#8221; custom_margin=&#8221;0px||0px||false|false&#8221; custom_padding=&#8221;0px||0px||false|false&#8221; animation_style=&#8221;fade&#8221; animation_duration=&#8221;900ms&#8221; animation_delay=&#8221;400ms&#8221; global_colors_info=&#8221;{}&#8221;][et_pb_column type=&#8221;4_4&#8243; _builder_version=&#8221;4.17.4&#8243; _module_preset=&#8221;default&#8221; global_colors_info=&#8221;{}&#8221;][et_pb_code admin_label=&#8221;parallax-fix-style&#8221; _builder_version=&#8221;4.17.4&#8243; _module_preset=&#8221;default&#8221; custom_margin=&#8221;0px||0px||false|false&#8221; custom_padding=&#8221;0px||0px||false|false&#8221; global_colors_info=&#8221;{}&#8221;]<\/p>\n<style><!-- [et_pb_line_break_holder] -->  .et_parallax_bg {<!-- [et_pb_line_break_holder] -->    background-size: auto;<!-- [et_pb_line_break_holder] -->  }<!-- [et_pb_line_break_holder] --><\/style>\n<p>[\/et_pb_code][et_pb_text _builder_version=&#8221;4.19.4&#8243; _module_preset=&#8221;default&#8221; header_font=&#8221;PT Serif||||||||&#8221; header_text_align=&#8221;left&#8221; header_text_color=&#8221;#FFFFFF&#8221; header_font_size=&#8221;72px&#8221; header_line_height=&#8221;1.1em&#8221; custom_margin=&#8221;0px||20px||false|false&#8221; custom_padding=&#8221;0px||0px||false|false&#8221; header_font_size_tablet=&#8221;72px&#8221; header_font_size_phone=&#8221;50px&#8221; header_font_size_last_edited=&#8221;on|phone&#8221; global_colors_info=&#8221;{}&#8221;]<\/p>\n<h1>Salon Frida<br \/>Wilan\u00f3w<\/h1>\n<p>[\/et_pb_text][et_pb_button button_url=&#8221;tel:501309432&#8243; button_text=&#8221;Zadzwo\u0144 &#8211;  501 309 432&#8243; button_alignment=&#8221;left&#8221; _builder_version=&#8221;4.19.5&#8243; _module_preset=&#8221;default&#8221; custom_button=&#8221;on&#8221; button_text_size=&#8221;14px&#8221; button_text_color=&#8221;#000000&#8243; button_bg_color=&#8221;#FFFFFF&#8221; button_border_color=&#8221;RGBA(255,255,255,0)&#8221; button_border_radius=&#8221;0px&#8221; button_letter_spacing=&#8221;2px&#8221; button_font=&#8221;Roboto Condensed||||||||&#8221; button_use_icon=&#8221;off&#8221; custom_margin=&#8221;0px||0px||false|false&#8221; custom_padding=&#8221;13px|35px|13px|35px|true|true&#8221; global_colors_info=&#8221;{}&#8221; button_bg_color__hover_enabled=&#8221;on|hover&#8221; button_bg_color__hover=&#8221;#32cd99&#8243; button_bg_enable_color__hover=&#8221;on&#8221; button_border_radius__hover_enabled=&#8221;off|hover&#8221; button_letter_spacing__hover_enabled=&#8221;on|hover&#8221; button_letter_spacing__hover=&#8221;2px&#8221;][\/et_pb_button][\/et_pb_column][\/et_pb_row][\/et_pb_section][et_pb_section fb_built=&#8221;1&#8243; custom_padding_last_edited=&#8221;off|desktop&#8221; _builder_version=&#8221;4.19.5&#8243; _module_preset=&#8221;default&#8221; custom_margin=&#8221;0px||4px||false|false&#8221; custom_padding=&#8221;0px||1px||false|false&#8221; custom_padding_tablet=&#8221;90px||40px||false|false&#8221; custom_padding_phone=&#8221;60px||60px||false|false&#8221; box_shadow_style=&#8221;preset6&#8243; global_colors_info=&#8221;{}&#8221;][et_pb_row use_custom_gutter=&#8221;on&#8221; gutter_width=&#8221;2&#8243; make_equal=&#8221;on&#8221; _builder_version=&#8221;4.19.5&#8243; _module_preset=&#8221;default&#8221; width=&#8221;90%&#8221; max_width=&#8221;1210px&#8221; max_width_tablet=&#8221;420px&#8221; max_width_phone=&#8221;420px&#8221; max_width_last_edited=&#8221;on|tablet&#8221; custom_margin=&#8221;0px||0px||false|false&#8221; custom_padding=&#8221;0px||0px||false|false&#8221; hover_enabled=&#8221;0&#8243; global_colors_info=&#8221;{}&#8221; column_structure=&#8221;3_5,2_5&#8243; sticky_enabled=&#8221;0&#8243;][et_pb_column type=&#8221;3_5&#8243; _builder_version=&#8221;4.19.5&#8243; _module_preset=&#8221;default&#8221; custom_padding=&#8221;40px||40px||true|false&#8221; animation_style=&#8221;slide&#8221; animation_direction=&#8221;right&#8221; animation_duration=&#8221;800ms&#8221; animation_intensity_slide=&#8221;10%&#8221; global_colors_info=&#8221;{}&#8221;][et_pb_post_title meta=&#8221;off&#8221; featured_image=&#8221;off&#8221; _builder_version=&#8221;4.19.5&#8243; _module_preset=&#8221;default&#8221; title_font=&#8221;PT Serif||||||||&#8221; title_text_color=&#8221;#000000&#8243; title_font_size=&#8221;28px&#8221; global_colors_info=&#8221;{}&#8221;][\/et_pb_post_title][et_pb_text _builder_version=&#8221;4.19.5&#8243; _module_preset=&#8221;default&#8221; text_font=&#8221;Roboto Condensed||||||||&#8221; text_text_color=&#8221;#000000&#8243; text_font_size=&#8221;17px&#8221; text_line_height=&#8221;1.8em&#8221; custom_margin=&#8221;||32px|||&#8221; custom_margin_tablet=&#8221;0px||30px|0px|false|false&#8221; custom_margin_phone=&#8221;0px||30px|0px|false|false&#8221; custom_margin_last_edited=&#8221;on|tablet&#8221; custom_padding=&#8221;0px|10px|0px||false|false&#8221; global_colors_info=&#8221;{}&#8221;]<\/p>\n<p><strong>Voucher Podarunkowy na zabiegi\/us\u0142ugi kosmetyczne idealny pomys\u0142 na prezent!<\/strong><\/p>\n<p>Voucher podarunkowy na zabiegi\/us\u0142ugi to doskona\u0142a alternatywa dla tradycyjnych prezent\u00f3w. Idealnie sprawdzi si\u0119 na ka\u017cd\u0105 okazj\u0119. To niew\u0105tpliwie ekskluzywny i oryginalny podarunek. Czy mo\u017cna wr\u0119czy\u0107 bliskiej osobie co\u015b wspanialszego ni\u017c chwil\u0119 relaksu i mo\u017cliwo\u015b\u0107 zadbania o w\u0142asne pi\u0119kno. Voucher mo\u017ce by\u0107 wystawiony na konkretn\u0105 kwot\u0119 do wykorzystania lub na us\u0142ug\u0119. Mo\u017cna go wykorzysta\u0107 jednorazowo b\u0105d\u017a etapami z zabiegami rozplanowanymi w czasie.<\/p>\n<p>[\/et_pb_text][\/et_pb_column][et_pb_column _builder_version=&#8221;4.19.5&#8243; _module_preset=&#8221;default&#8221; type=&#8221;2_5&#8243; hover_enabled=&#8221;0&#8243; sticky_enabled=&#8221;0&#8243;][et_pb_image src=&#8221;https:\/\/salonfrida.pl\/wp-content\/uploads\/2023\/02\/voucher-scaled.jpg&#8221; _builder_version=&#8221;4.19.5&#8243; _module_preset=&#8221;default&#8221; title_text=&#8221;voucher&#8221; custom_padding=&#8221;40px||||false|false&#8221; hover_enabled=&#8221;0&#8243; sticky_enabled=&#8221;0&#8243;][\/et_pb_image][\/et_pb_column][\/et_pb_row][\/et_pb_section][et_pb_section fb_built=&#8221;1&#8243; custom_padding_last_edited=&#8221;on|phone&#8221; _builder_version=&#8221;4.17.4&#8243; _module_preset=&#8221;default&#8221; custom_margin=&#8221;0px||0px||false|false&#8221; custom_padding=&#8221;61px||55px||false|false&#8221; custom_padding_tablet=&#8221;1px||130px||false|false&#8221; custom_padding_phone=&#8221;1px||90px||false|false&#8221; global_module=&#8221;86&#8243; saved_tabs=&#8221;all&#8221; global_colors_info=&#8221;{}&#8221;][et_pb_row _builder_version=&#8221;4.17.4&#8243; _module_preset=&#8221;default&#8221; width=&#8221;90%&#8221; max_width=&#8221;1210px&#8221; custom_margin=&#8221;0px|auto|5px|auto|false|false&#8221; custom_padding=&#8221;0px||0px||false|false&#8221; animation_style=&#8221;fade&#8221; animation_duration=&#8221;500ms&#8221; animation_speed_curve=&#8221;ease&#8221; global_colors_info=&#8221;{}&#8221;][et_pb_column type=&#8221;4_4&#8243; _builder_version=&#8221;4.17.4&#8243; _module_preset=&#8221;default&#8221; global_colors_info=&#8221;{}&#8221;][et_pb_text _builder_version=&#8221;4.19.4&#8243; _module_preset=&#8221;default&#8221; header_2_font=&#8221;PT Serif||||||||&#8221; header_2_text_align=&#8221;center&#8221; header_2_text_color=&#8221;#000000&#8243; header_2_font_size=&#8221;42px&#8221; header_2_line_height=&#8221;1.3em&#8221; custom_margin=&#8221;0px|0px|15px|0px|false|false&#8221; custom_margin_tablet=&#8221;0px|0px|20px|0px|false|false&#8221; custom_margin_phone=&#8221;0px|0px|20px|0px|false|false&#8221; custom_margin_last_edited=&#8221;on|desktop&#8221; custom_padding=&#8221;0px||0px||false|false&#8221; header_2_font_size_tablet=&#8221;42px&#8221; header_2_font_size_phone=&#8221;35px&#8221; header_2_font_size_last_edited=&#8221;on|phone&#8221; global_colors_info=&#8221;{}&#8221;]<\/p>\n<h2>Opinie o nas<\/h2>\n<p>[\/et_pb_text][\/et_pb_column][\/et_pb_row][et_pb_row column_structure=&#8221;1_3,1_3,1_3&#8243; use_custom_gutter=&#8221;on&#8221; gutter_width=&#8221;2&#8243; make_equal=&#8221;on&#8221; _builder_version=&#8221;4.19.4&#8243; _module_preset=&#8221;default&#8221; width=&#8221;90%&#8221; max_width=&#8221;1210px&#8221; max_width_tablet=&#8221;380px&#8221; max_width_phone=&#8221;380px&#8221; max_width_last_edited=&#8221;on|tablet&#8221; custom_margin=&#8221;0px||0px||false|false&#8221; custom_padding=&#8221;0px||0px||false|false&#8221; global_colors_info=&#8221;{}&#8221;][et_pb_column type=&#8221;1_3&#8243; _builder_version=&#8221;4.17.4&#8243; _module_preset=&#8221;default&#8221; custom_padding=&#8221;50px|50px|50px|50px|false|false&#8221; animation_style=&#8221;slide&#8221; animation_direction=&#8221;bottom&#8221; animation_duration=&#8221;600ms&#8221; animation_intensity_slide=&#8221;10%&#8221; box_shadow_style=&#8221;preset1&#8243; box_shadow_vertical=&#8221;4px&#8221; box_shadow_blur=&#8221;10px&#8221; box_shadow_color=&#8221;rgba(0,0,0,0.1)&#8221; global_colors_info=&#8221;{}&#8221;][et_pb_text _builder_version=&#8221;4.19.4&#8243; _module_preset=&#8221;default&#8221; text_font=&#8221;Roboto Condensed||||||||&#8221; text_text_color=&#8221;#828282&#8243; text_font_size=&#8221;15px&#8221; text_line_height=&#8221;1.8em&#8221; custom_margin=&#8221;0px||20px||false|false&#8221; custom_margin_tablet=&#8221;0px|0px|20px|0px|false|false&#8221; custom_margin_phone=&#8221;||20px||false|false&#8221; custom_margin_last_edited=&#8221;on|phone&#8221; custom_padding=&#8221;0px||0px||false|false&#8221; global_colors_info=&#8221;{}&#8221;]<\/p>\n<p>Wiedza i profesjonalne podej\u015bcie do potrzeb klienta (od zabieg\u00f3w kosmetycznych, wosku po piel\u0119gnacj\u0119 d\u0142oni i st\u00f3p) w cudownej atmosferze. Polecam!<\/p>\n<p style=\"text-align: right;\"><strong>Ka eS<\/strong><\/p>\n<p>[\/et_pb_text][et_pb_icon font_icon=&#8221;&#xf005;||fa||900&#8243; icon_color=&#8221;#32cd99&#8243; icon_width=&#8221;17px&#8221; _builder_version=&#8221;4.19.4&#8243; _module_preset=&#8221;default&#8221; custom_margin=&#8221;0px||0px||false|false&#8221; custom_padding=&#8221;0px|3px|0px|3px|false|false&#8221; custom_css_main_element=&#8221;display:inline-block;&#8221; global_colors_info=&#8221;{}&#8221;][\/et_pb_icon][et_pb_icon font_icon=&#8221;&#xf005;||fa||900&#8243; icon_color=&#8221;#32cd99&#8243; icon_width=&#8221;17px&#8221; _builder_version=&#8221;4.19.4&#8243; _module_preset=&#8221;default&#8221; custom_margin=&#8221;0px||0px||false|false&#8221; custom_padding=&#8221;0px|3px|0px|3px|false|false&#8221; custom_css_main_element=&#8221;display:inline-block;&#8221; global_colors_info=&#8221;{}&#8221;][\/et_pb_icon][et_pb_icon font_icon=&#8221;&#xf005;||fa||900&#8243; icon_color=&#8221;#32cd99&#8243; icon_width=&#8221;17px&#8221; _builder_version=&#8221;4.19.4&#8243; _module_preset=&#8221;default&#8221; custom_margin=&#8221;0px||0px||false|false&#8221; custom_padding=&#8221;0px|3px|0px|3px|false|false&#8221; custom_css_main_element=&#8221;display:inline-block;&#8221; global_colors_info=&#8221;{}&#8221;][\/et_pb_icon][et_pb_icon font_icon=&#8221;&#xf005;||fa||900&#8243; icon_color=&#8221;#32cd99&#8243; icon_width=&#8221;17px&#8221; _builder_version=&#8221;4.19.4&#8243; _module_preset=&#8221;default&#8221; custom_margin=&#8221;0px||0px||false|false&#8221; custom_padding=&#8221;0px|3px|0px|3px|false|false&#8221; custom_css_main_element=&#8221;display:inline-block;&#8221; global_colors_info=&#8221;{}&#8221;][\/et_pb_icon][et_pb_icon font_icon=&#8221;&#xf005;||fa||900&#8243; icon_color=&#8221;#32cd99&#8243; icon_width=&#8221;17px&#8221; _builder_version=&#8221;4.19.4&#8243; _module_preset=&#8221;default&#8221; custom_margin=&#8221;0px||0px||false|false&#8221; custom_padding=&#8221;0px|3px|0px|3px|false|false&#8221; custom_css_main_element=&#8221;display:inline-block;&#8221; global_colors_info=&#8221;{}&#8221;][\/et_pb_icon][\/et_pb_column][et_pb_column type=&#8221;1_3&#8243; _builder_version=&#8221;4.17.4&#8243; _module_preset=&#8221;default&#8221; custom_padding=&#8221;50px|50px|50px|50px|false|false&#8221; animation_style=&#8221;slide&#8221; animation_direction=&#8221;bottom&#8221; animation_duration=&#8221;600ms&#8221; animation_intensity_slide=&#8221;10%&#8221; box_shadow_style=&#8221;preset1&#8243; box_shadow_vertical=&#8221;4px&#8221; box_shadow_blur=&#8221;10px&#8221; box_shadow_color=&#8221;rgba(0,0,0,0.1)&#8221; global_colors_info=&#8221;{}&#8221;][et_pb_text _builder_version=&#8221;4.19.4&#8243; _module_preset=&#8221;default&#8221; text_font=&#8221;Roboto Condensed||||||||&#8221; text_text_color=&#8221;#828282&#8243; text_font_size=&#8221;15px&#8221; text_line_height=&#8221;1.8em&#8221; custom_margin=&#8221;0px||20px||false|false&#8221; custom_margin_tablet=&#8221;0px|0px|20px|0px|false|false&#8221; custom_margin_phone=&#8221;||20px||false|false&#8221; custom_margin_last_edited=&#8221;on|phone&#8221; custom_padding=&#8221;0px||0px||false|false&#8221; global_colors_info=&#8221;{}&#8221;]Bardzo dobry salon, czysto, schludnie, mi\u0142a atmosfera. Profesjonalna obs\u0142uga zar\u00f3wno fryzjerska, jak i kosmetyczna. Korzystam z us\u0142ug ju\u017c kilka lat \ud83d\ude42 polecam!<\/p>\n<p style=\"text-align: right;\"><strong>Magdalena H.<\/strong><\/p>\n<p>[\/et_pb_text][et_pb_icon font_icon=&#8221;&#xf005;||fa||900&#8243; icon_color=&#8221;#32cd99&#8243; icon_width=&#8221;17px&#8221; _builder_version=&#8221;4.19.4&#8243; _module_preset=&#8221;default&#8221; custom_margin=&#8221;0px||0px||false|false&#8221; custom_padding=&#8221;0px|3px|0px|3px|false|false&#8221; custom_css_main_element=&#8221;display:inline-block;&#8221; global_colors_info=&#8221;{}&#8221;][\/et_pb_icon][et_pb_icon font_icon=&#8221;&#xf005;||fa||900&#8243; icon_color=&#8221;#32cd99&#8243; icon_width=&#8221;17px&#8221; _builder_version=&#8221;4.19.4&#8243; _module_preset=&#8221;default&#8221; custom_margin=&#8221;0px||0px||false|false&#8221; custom_padding=&#8221;0px|3px|0px|3px|false|false&#8221; custom_css_main_element=&#8221;display:inline-block;&#8221; global_colors_info=&#8221;{}&#8221;][\/et_pb_icon][et_pb_icon font_icon=&#8221;&#xf005;||fa||900&#8243; icon_color=&#8221;#32cd99&#8243; icon_width=&#8221;17px&#8221; _builder_version=&#8221;4.19.4&#8243; _module_preset=&#8221;default&#8221; custom_margin=&#8221;0px||0px||false|false&#8221; custom_padding=&#8221;0px|3px|0px|3px|false|false&#8221; custom_css_main_element=&#8221;display:inline-block;&#8221; global_colors_info=&#8221;{}&#8221;][\/et_pb_icon][et_pb_icon font_icon=&#8221;&#xf005;||fa||900&#8243; icon_color=&#8221;#32cd99&#8243; icon_width=&#8221;17px&#8221; _builder_version=&#8221;4.19.4&#8243; _module_preset=&#8221;default&#8221; custom_margin=&#8221;0px||0px||false|false&#8221; custom_padding=&#8221;0px|3px|0px|3px|false|false&#8221; custom_css_main_element=&#8221;display:inline-block;&#8221; global_colors_info=&#8221;{}&#8221;][\/et_pb_icon][et_pb_icon font_icon=&#8221;&#xf005;||fa||900&#8243; icon_color=&#8221;#32cd99&#8243; icon_width=&#8221;17px&#8221; _builder_version=&#8221;4.19.4&#8243; _module_preset=&#8221;default&#8221; custom_margin=&#8221;0px||0px||false|false&#8221; custom_padding=&#8221;0px|3px|0px|3px|false|false&#8221; custom_css_main_element=&#8221;display:inline-block;&#8221; global_colors_info=&#8221;{}&#8221;][\/et_pb_icon][\/et_pb_column][et_pb_column type=&#8221;1_3&#8243; _builder_version=&#8221;4.17.4&#8243; _module_preset=&#8221;default&#8221; custom_padding=&#8221;50px|50px|50px|50px|false|false&#8221; animation_style=&#8221;slide&#8221; animation_direction=&#8221;bottom&#8221; animation_duration=&#8221;600ms&#8221; animation_intensity_slide=&#8221;10%&#8221; box_shadow_style=&#8221;preset1&#8243; box_shadow_vertical=&#8221;4px&#8221; box_shadow_blur=&#8221;10px&#8221; box_shadow_color=&#8221;rgba(0,0,0,0.1)&#8221; global_colors_info=&#8221;{}&#8221;][et_pb_text _builder_version=&#8221;4.19.4&#8243; _module_preset=&#8221;default&#8221; text_font=&#8221;Roboto Condensed||||||||&#8221; text_text_color=&#8221;#828282&#8243; text_font_size=&#8221;15px&#8221; text_line_height=&#8221;1.8em&#8221; custom_margin=&#8221;0px||20px||false|false&#8221; custom_margin_tablet=&#8221;0px|0px|20px|0px|false|false&#8221; custom_margin_phone=&#8221;||20px||false|false&#8221; custom_margin_last_edited=&#8221;on|phone&#8221; custom_padding=&#8221;0px||0px||false|false&#8221; global_colors_info=&#8221;{}&#8221;]Salon spe\u0142nia naj\u015bmielsze oczekiwania.  Super atmosfera,  mi\u0142a obs\u0142uga i wspaniali specjali\u015bci,  polecam wszystkim mieszka\u0144com Wilanowa , Zasad i ca\u0142ej Warszawie<\/p>\n<p style=\"text-align: right;\"><strong>Joanna Grzelak<\/strong><\/p>\n<p>[\/et_pb_text][et_pb_icon font_icon=&#8221;&#xf005;||fa||900&#8243; icon_color=&#8221;#32cd99&#8243; icon_width=&#8221;17px&#8221; _builder_version=&#8221;4.19.4&#8243; _module_preset=&#8221;default&#8221; custom_margin=&#8221;0px||0px||false|false&#8221; custom_padding=&#8221;0px|3px|0px|3px|false|false&#8221; custom_css_main_element=&#8221;display:inline-block;&#8221; global_colors_info=&#8221;{}&#8221;][\/et_pb_icon][et_pb_icon font_icon=&#8221;&#xf005;||fa||900&#8243; icon_color=&#8221;#32cd99&#8243; icon_width=&#8221;17px&#8221; _builder_version=&#8221;4.19.4&#8243; _module_preset=&#8221;default&#8221; custom_margin=&#8221;0px||0px||false|false&#8221; custom_padding=&#8221;0px|3px|0px|3px|false|false&#8221; custom_css_main_element=&#8221;display:inline-block;&#8221; global_colors_info=&#8221;{}&#8221;][\/et_pb_icon][et_pb_icon font_icon=&#8221;&#xf005;||fa||900&#8243; icon_color=&#8221;#32cd99&#8243; icon_width=&#8221;17px&#8221; _builder_version=&#8221;4.19.4&#8243; _module_preset=&#8221;default&#8221; custom_margin=&#8221;0px||0px||false|false&#8221; custom_padding=&#8221;0px|3px|0px|3px|false|false&#8221; custom_css_main_element=&#8221;display:inline-block;&#8221; global_colors_info=&#8221;{}&#8221;][\/et_pb_icon][et_pb_icon font_icon=&#8221;&#xf005;||fa||900&#8243; icon_color=&#8221;#32cd99&#8243; icon_width=&#8221;17px&#8221; _builder_version=&#8221;4.19.4&#8243; _module_preset=&#8221;default&#8221; custom_margin=&#8221;0px||0px||false|false&#8221; custom_padding=&#8221;0px|3px|0px|3px|false|false&#8221; custom_css_main_element=&#8221;display:inline-block;&#8221; global_colors_info=&#8221;{}&#8221;][\/et_pb_icon][et_pb_icon font_icon=&#8221;&#xf005;||fa||900&#8243; icon_color=&#8221;#32cd99&#8243; icon_width=&#8221;17px&#8221; _builder_version=&#8221;4.19.4&#8243; _module_preset=&#8221;default&#8221; custom_margin=&#8221;0px||0px||false|false&#8221; custom_padding=&#8221;0px|3px|0px|3px|false|false&#8221; custom_css_main_element=&#8221;display:inline-block;&#8221; global_colors_info=&#8221;{}&#8221;][\/et_pb_icon][\/et_pb_column][\/et_pb_row][\/et_pb_section][et_pb_section fb_built=&#8221;1&#8243; fullwidth=&#8221;on&#8221; _builder_version=&#8221;4.19.4&#8243; _module_preset=&#8221;default&#8221; global_module=&#8221;87&#8243; saved_tabs=&#8221;all&#8221; global_colors_info=&#8221;{}&#8221;][et_pb_fullwidth_code _builder_version=&#8221;4.19.4&#8243; _module_preset=&#8221;default&#8221; global_colors_info=&#8221;{}&#8221;]<iframe src=\"https:\/\/www.google.com\/maps\/embed?pb=!1m18!1m12!1m3!1d2446.9669912130626!2d21.107112900000004!3d52.1712936!2m3!1f0!2f0!3f0!3m2!1i1024!2i768!4f13.1!3m3!1m2!1s0x47192d3441c9b12d%3A0x3544f6a6c39f7c04!2sSyta%20120%2C%2002-987%20Warszawa!5e0!3m2!1spl!2spl!4v1674721230368!5m2!1spl!2spl\" width=\"100%\" height=\"600\" style=\"border:0;\" allowfullscreen=\"\" loading=\"lazy\" referrerpolicy=\"no-referrer-when-downgrade\"><\/iframe>[\/et_pb_fullwidth_code][\/et_pb_section]<\/p>\n","protected":false},"excerpt":{"rendered":"<p>Salon FridaWilan\u00f3wVoucher Podarunkowy na zabiegi\/us\u0142ugi kosmetyczne idealny pomys\u0142 na prezent! Voucher podarunkowy na zabiegi\/us\u0142ugi to doskona\u0142a alternatywa dla tradycyjnych prezent\u00f3w. Idealnie sprawdzi si\u0119 na ka\u017cd\u0105 okazj\u0119. To niew\u0105tpliwie ekskluzywny i oryginalny podarunek. Czy mo\u017cna wr\u0119czy\u0107 bliskiej osobie co\u015b wspanialszego ni\u017c chwil\u0119 relaksu i mo\u017cliwo\u015b\u0107 zadbania o w\u0142asne pi\u0119kno. Voucher mo\u017ce by\u0107 wystawiony na konkretn\u0105 kwot\u0119 [&hellip;]<\/p>\n","protected":false},"author":1,"featured_media":0,"parent":0,"menu_order":0,"comment_status":"closed","ping_status":"closed","template":"","meta":{"_et_pb_use_builder":"on","_et_pb_old_content":"","_et_gb_content_width":"","footnotes":""},"class_list":["post-251","page","type-page","status-publish","hentry"],"_links":{"self":[{"href":"https:\/\/salonfrida.pl\/index.php\/wp-json\/wp\/v2\/pages\/251","targetHints":{"allow":["GET"]}}],"collection":[{"href":"https:\/\/salonfrida.pl\/index.php\/wp-json\/wp\/v2\/pages"}],"about":[{"href":"https:\/\/salonfrida.pl\/index.php\/wp-json\/wp\/v2\/types\/page"}],"author":[{"embeddable":true,"href":"https:\/\/salonfrida.pl\/index.php\/wp-json\/wp\/v2\/users\/1"}],"replies":[{"embeddable":true,"href":"https:\/\/salonfrida.pl\/index.php\/wp-json\/wp\/v2\/comments?post=251"}],"version-history":[{"count":0,"href":"https:\/\/salonfrida.pl\/index.php\/wp-json\/wp\/v2\/pages\/251\/revisions"}],"wp:attachment":[{"href":"https:\/\/salonfrida.pl\/index.php\/wp-json\/wp\/v2\/media?parent=251"}],"curies":[{"name":"wp","href":"https:\/\/api.w.org\/{rel}","templated":true}]}}